{"id":645,"date":"2022-01-28T23:19:34","date_gmt":"2022-01-28T22:19:34","guid":{"rendered":"https:\/\/rysunkidladzieci.com\/?page_id=645"},"modified":"2022-02-10T23:45:51","modified_gmt":"2022-02-10T22:45:51","slug":"ilustracje-dla-dzieci","status":"publish","type":"page","link":"https:\/\/rysunkidladzieci.com\/index.php\/ilustracje-dla-dzieci\/","title":{"rendered":"Ilustracje dla dzieci"},"content":{"rendered":"\n<p>Ilustracje dla dzieci w formie plakatu, wykonane akwarel\u0105 i tuszem. <\/p>\n\n\n\n<p>O\u017cywi\u0105 i nadadz\u0105 charakteru ka\u017cdemu dzieci\u0119cemu k\u0105cikowi.<\/p>\n\n\n\n<p>Przedstawiaj\u0105 bajkowy \u015bwiat pe\u0142en ciep\u0142a i optymizmu. Tutaj zwykle dzie\u0144 jest s\u0142oneczny i pe\u0142en przyg\u00f3d. Je\u015bli pada, zawsze znajdzie si\u0119 przyjaciel, kt\u00f3ry poda kubek ciep\u0142ego kakao. \ud83d\ude42 Gdy przychodzi noc, rozsypuje na niebie moc gwiazd. Mo\u017cna wtedy zwin\u0105\u0107 si\u0119 w k\u0142\u0119buszek i s\u0142ucha\u0107 &#8222;nocnych opowie\u015bci&#8221;.  <\/p>\n\n\n\n<figure class=\"wp-block-gallery has-nested-images columns-default is-cropped\">\n<figure class=\"wp-block-image size-full\"><a href=\"https:\/\/rysunkidladzieci.com\/wp-content\/uploads\/2021\/11\/MP-14-0.jpg\"><img width=\"552\" height=\"768\" data-id=\"502\"  src=\"https:\/\/rysunkidladzieci.com\/wp-content\/uploads\/2021\/11\/MP-14-0.jpg\" alt=\"Ilustracja dla dzieci przedstawia las. Na dalszym planie wysokie drzewa, bli\u017cej krzaki r\u00f3\u017cnych kolor\u00f3w i kszta\u0142t\u00f3w. Pomi\u0119dzy ro\u015blinami ukryte s\u0105 zwierz\u0119ta \u0142o\u015b, lis, zaj\u0105c, je\u017c i myszki. Kolorystyka stonowana, odcienie zieleni, br\u0105zu i be\u017cu. Las, le\u015bne zwierzaki, ilustracja dla dzieci, plakat do pokoju dzieci\u0119cego\" class=\"wp-image-502\" srcset=\"https:\/\/rysunkidladzieci.com\/wp-content\/uploads\/2021\/11\/MP-14-0.jpg 552w, https:\/\/rysunkidladzieci.com\/wp-content\/uploads\/2021\/11\/MP-14-0-216x300.jpg 216w, https:\/\/rysunkidladzieci.com\/wp-content\/uploads\/2021\/11\/MP-14-0-252x350.jpg 252w, https:\/\/rysunkidladzieci.com\/wp-content\/uploads\/2021\/11\/MP-14-0-108x150.jpg 108w\" sizes=\"(max-width: 552px) 100vw, 552px\" \/><\/a><\/figure>\n\n\n\n<figure class=\"wp-block-image size-full\"><a href=\"https:\/\/rysunkidladzieci.com\/wp-content\/uploads\/2021\/11\/MP-13-0.jpg\"><img width=\"548\" height=\"768\" data-id=\"501\"  src=\"https:\/\/rysunkidladzieci.com\/wp-content\/uploads\/2021\/11\/MP-13-0.jpg\" alt=\"Ilustracja dla dzieci przedstawia las. Na dalszym planie wysokie drzewa, bli\u017cej krzaki r\u00f3\u017cnych kolor\u00f3w i kszta\u0142t\u00f3w. Pod drzewem lisia nora, w kt\u00f3rej \u015bpi\u0105 zwini\u0119te liski, obok norki siedzi lisia mama. Lisia nora, las, liski, ilustracja dla dzieci, plakat do pokoju dzieci\u0119cego\" class=\"wp-image-501\" srcset=\"https:\/\/rysunkidladzieci.com\/wp-content\/uploads\/2021\/11\/MP-13-0.jpg 548w, https:\/\/rysunkidladzieci.com\/wp-content\/uploads\/2021\/11\/MP-13-0-214x300.jpg 214w, https:\/\/rysunkidladzieci.com\/wp-content\/uploads\/2021\/11\/MP-13-0-250x350.jpg 250w, https:\/\/rysunkidladzieci.com\/wp-content\/uploads\/2021\/11\/MP-13-0-107x150.jpg 107w\" sizes=\"(max-width: 548px) 100vw, 548px\" \/><\/a><\/figure>\n\n\n\n<figure class=\"wp-block-image size-full\"><a href=\"https:\/\/rysunkidladzieci.com\/wp-content\/uploads\/2021\/11\/MP-23.jpg\"><img width=\"576\" height=\"768\" data-id=\"493\"  src=\"https:\/\/rysunkidladzieci.com\/wp-content\/uploads\/2021\/11\/MP-23.jpg\" alt=\"Ilustracja dla dzieci. Przedstawia le\u015bn\u0105 polan\u0119 noc\u0105. Na polanie na skraju lasu stoi dom z komina wylatuj\u0105 gwiazdy na nocne niebo. Kolorystyka w odcieniach zieleni, br\u0105zu i granatu. Dom pod gwiazdami, niebo noc\u0105, domek w lesie, noc w lesie, ilustracja dla dzieci, plakat do pokoju dzieci\u0119cego\" class=\"wp-image-493\" srcset=\"https:\/\/rysunkidladzieci.com\/wp-content\/uploads\/2021\/11\/MP-23.jpg 576w, https:\/\/rysunkidladzieci.com\/wp-content\/uploads\/2021\/11\/MP-23-225x300.jpg 225w, https:\/\/rysunkidladzieci.com\/wp-content\/uploads\/2021\/11\/MP-23-263x350.jpg 263w, https:\/\/rysunkidladzieci.com\/wp-content\/uploads\/2021\/11\/MP-23-113x150.jpg 113w\" sizes=\"(max-width: 576px) 100vw, 576px\" \/><\/a><\/figure>\n\n\n\n<figure class=\"wp-block-image size-full\"><a href=\"https:\/\/rysunkidladzieci.com\/wp-content\/uploads\/2021\/09\/SwiatDinozaurow.jpg\"><img width=\"576\" height=\"768\" data-id=\"429\"  src=\"https:\/\/rysunkidladzieci.com\/wp-content\/uploads\/2021\/09\/SwiatDinozaurow.jpg\" alt=\"Ilustracja dla dzieci. Przedstawia \u015bwiat dinozaur\u00f3w. Na pierwszym planie wida\u0107 egzotyczne ro\u015bliny, dalej dinozaury r\u00f3\u017cnych gatunk\u00f3w. W tle wulkany. Dinozaury, \u015bwiat dinozaur\u00f3w, ilustracja dla dzieci, plakat do pokoju dzieci\u0119cego\" class=\"wp-image-429\" srcset=\"https:\/\/rysunkidladzieci.com\/wp-content\/uploads\/2021\/09\/SwiatDinozaurow.jpg 576w, https:\/\/rysunkidladzieci.com\/wp-content\/uploads\/2021\/09\/SwiatDinozaurow-225x300.jpg 225w, https:\/\/rysunkidladzieci.com\/wp-content\/uploads\/2021\/09\/SwiatDinozaurow-263x350.jpg 263w, https:\/\/rysunkidladzieci.com\/wp-content\/uploads\/2021\/09\/SwiatDinozaurow-113x150.jpg 113w\" sizes=\"(max-width: 576px) 100vw, 576px\" \/><\/a><\/figure>\n\n\n\n<figure class=\"wp-block-image size-full\"><a href=\"https:\/\/rysunkidladzieci.com\/wp-content\/uploads\/2021\/09\/PodwodnySwiat.jpg\"><img width=\"562\" height=\"768\" data-id=\"427\"  src=\"https:\/\/rysunkidladzieci.com\/wp-content\/uploads\/2021\/09\/PodwodnySwiat.jpg\" alt=\"Ilustracja dla dzieci. Przedstawia podwodny \u015bwiat. Na ca\u0142ym rysunku woda, a w niej p\u0142ywaj\u0105 morskie stworzenia ryby, \u017c\u00f3\u0142w o\u015bmiornica, wieloryb. Na dole wodne ro\u015bliny w r\u00f3\u017cnych kszta\u0142tach. Ilustracja wielobarwna. Podwodny \u015bwiat, wieloryb, \u017cycie w oceanie, co robi\u0105 ryby, ilustracja dla dzieci, plakat do pokoju dzieci\u0119cego\" class=\"wp-image-427\" srcset=\"https:\/\/rysunkidladzieci.com\/wp-content\/uploads\/2021\/09\/PodwodnySwiat.jpg 562w, https:\/\/rysunkidladzieci.com\/wp-content\/uploads\/2021\/09\/PodwodnySwiat-220x300.jpg 220w, https:\/\/rysunkidladzieci.com\/wp-content\/uploads\/2021\/09\/PodwodnySwiat-256x350.jpg 256w, https:\/\/rysunkidladzieci.com\/wp-content\/uploads\/2021\/09\/PodwodnySwiat-110x150.jpg 110w\" sizes=\"(max-width: 562px) 100vw, 562px\" \/><\/a><\/figure>\n\n\n\n<figure class=\"wp-block-image size-full\"><a href=\"https:\/\/rysunkidladzieci.com\/wp-content\/uploads\/2021\/09\/Kucyki.jpg\"><img width=\"576\" height=\"768\" data-id=\"420\"  src=\"https:\/\/rysunkidladzieci.com\/wp-content\/uploads\/2021\/09\/Kucyki.jpg\" alt=\"Ilustracja dla dzieci. Przedstawia pag\u00f3rkowat\u0105 \u0142\u0105k\u0119, na kt\u00f3rej pas\u0105 si\u0119 jednoro\u017cce. Powy\u017cej rozgwie\u017cd\u017cone niebo z t\u0119cz\u0105. Na t\u0119czy \u015bpi skulony jednoro\u017cec. Kolorystyka stonowana, pastelowa. Kucyki, jednoro\u017cce, t\u0119cza, \u0142\u0105ka, ilustracja dla dzieci, plakat do pokoju dzieci\u0119cego, plakat do pokoju dziewczynki\" class=\"wp-image-420\" srcset=\"https:\/\/rysunkidladzieci.com\/wp-content\/uploads\/2021\/09\/Kucyki.jpg 576w, https:\/\/rysunkidladzieci.com\/wp-content\/uploads\/2021\/09\/Kucyki-225x300.jpg 225w, https:\/\/rysunkidladzieci.com\/wp-content\/uploads\/2021\/09\/Kucyki-263x350.jpg 263w, https:\/\/rysunkidladzieci.com\/wp-content\/uploads\/2021\/09\/Kucyki-113x150.jpg 113w\" sizes=\"(max-width: 576px) 100vw, 576px\" \/><\/a><\/figure>\n\n\n\n<figure class=\"wp-block-image size-full\"><a href=\"https:\/\/rysunkidladzieci.com\/wp-content\/uploads\/2021\/11\/MP-22.jpg\"><img width=\"576\" height=\"768\" data-id=\"492\"  src=\"https:\/\/rysunkidladzieci.com\/wp-content\/uploads\/2021\/11\/MP-22.jpg\" alt=\"Ilustracja dla dzieci. Przedstawia las noc\u0105. Po\u015br\u00f3d wysokich drzew stoi fotel, a kt\u00f3rym siedzi ma\u0142y prosiaczek. Prosiaczek spogl\u0105da w g\u00f3r\u0119 na sow\u0119, kt\u00f3ra siedzi na ga\u0142\u0119zi drzewa. Postacie to przyjaciele, kt\u00f3rzy opowiadaj\u0105 sobie opowie\u015bci. nocne opowie\u015bci, s\u00f3wka i prosiaczek, las noc\u0105, fioletowy fotel, ilustracja dla dzieci, plakat do pokoju dzieci\u0119cego\" class=\"wp-image-492\" srcset=\"https:\/\/rysunkidladzieci.com\/wp-content\/uploads\/2021\/11\/MP-22.jpg 576w, https:\/\/rysunkidladzieci.com\/wp-content\/uploads\/2021\/11\/MP-22-225x300.jpg 225w, https:\/\/rysunkidladzieci.com\/wp-content\/uploads\/2021\/11\/MP-22-263x350.jpg 263w, https:\/\/rysunkidladzieci.com\/wp-content\/uploads\/2021\/11\/MP-22-113x150.jpg 113w\" sizes=\"(max-width: 576px) 100vw, 576px\" \/><\/a><\/figure>\n\n\n\n<figure class=\"wp-block-image size-full\"><a href=\"https:\/\/rysunkidladzieci.com\/wp-content\/uploads\/2021\/11\/MP-21.jpg\"><img width=\"576\" height=\"768\" data-id=\"491\"  src=\"https:\/\/rysunkidladzieci.com\/wp-content\/uploads\/2021\/11\/MP-21.jpg\" alt=\"Ilustracja dla dzieci. Przedstawia las. Po\u015br\u00f3d drzew przyjaciele: s\u00f3wka i prosiaczek. Robi\u0105 jesienne przetwory z \u017co\u0142\u0119dzi. W tle pnie drzew, po\u015brodku du\u017cy fotel, na nim stoi s\u00f3wka. Miesza gotuj\u0105ce si\u0119 na piecyku \u017co\u0142\u0119dzie. Z przodu siedzi prosiaczek i przebiera zebrane \u017co\u0142\u0119dzie. Jesienne przetwory, s\u00f3wka i prosiaczek, \u017co\u0142\u0119dzie, las, fioletowy fotel, ilustracja dla dzieci, plakat do pokoju dzieci\u0119cego\" class=\"wp-image-491\" srcset=\"https:\/\/rysunkidladzieci.com\/wp-content\/uploads\/2021\/11\/MP-21.jpg 576w, https:\/\/rysunkidladzieci.com\/wp-content\/uploads\/2021\/11\/MP-21-225x300.jpg 225w, https:\/\/rysunkidladzieci.com\/wp-content\/uploads\/2021\/11\/MP-21-263x350.jpg 263w, https:\/\/rysunkidladzieci.com\/wp-content\/uploads\/2021\/11\/MP-21-113x150.jpg 113w\" sizes=\"(max-width: 576px) 100vw, 576px\" \/><\/a><\/figure>\n\n\n\n<figure class=\"wp-block-image size-full\"><a href=\"https:\/\/rysunkidladzieci.com\/wp-content\/uploads\/2021\/11\/MP-20.jpg\"><img width=\"576\" height=\"768\" data-id=\"490\"  src=\"https:\/\/rysunkidladzieci.com\/wp-content\/uploads\/2021\/11\/MP-20.jpg\" alt=\"Ilustracja dla dzieci. Przedstawia ulew\u0119 w lesie. W tle wysokie pnie drzew. Na g\u00f3rze, po\u015brodku przywi\u0105zany do ga\u0142\u0119zi dywan tworzy prowizoryczny dach. Z lewej s\u00f3wka suszy mokre skrzyd\u0142a przy piecyku. Z prawej prosiaczek stoi na fotelu, mocuje dywan do drzewa. Ulewa w lesie, s\u00f3wka i prosiaczek, ulewa, fioletowy fotel, ilustracja dla dzieci, plakat do pokoju dzieci\u0119cego\" class=\"wp-image-490\" srcset=\"https:\/\/rysunkidladzieci.com\/wp-content\/uploads\/2021\/11\/MP-20.jpg 576w, https:\/\/rysunkidladzieci.com\/wp-content\/uploads\/2021\/11\/MP-20-225x300.jpg 225w, https:\/\/rysunkidladzieci.com\/wp-content\/uploads\/2021\/11\/MP-20-263x350.jpg 263w, https:\/\/rysunkidladzieci.com\/wp-content\/uploads\/2021\/11\/MP-20-113x150.jpg 113w\" sizes=\"(max-width: 576px) 100vw, 576px\" \/><\/a><\/figure>\n\n\n\n<figure class=\"wp-block-image size-full\"><a href=\"https:\/\/rysunkidladzieci.com\/wp-content\/uploads\/2021\/09\/Myszki.jpg\"><img width=\"1024\" height=\"749\" data-id=\"423\"  src=\"https:\/\/rysunkidladzieci.com\/wp-content\/uploads\/2021\/09\/Myszki.jpg\" alt=\"Ilustracja dla dzieci. Przedstawia rodzin\u0119 myszek w norce na \u0142\u0105ce. Po\u015brodku  pi\u0119\u0107 myszek siedzi w norce poro\u015bni\u0119tej traw\u0105, po prawej \u0142\u0105kowe kwiaty i trawy. Ilustracja wielokolorowa, stonowane odcienie. Myszki, norka myszek, \u0142\u0105ka, rodzina myszek, ilustracja dla dzieci, plakat do pokoju dzieci\u0119cego\" class=\"wp-image-423\" srcset=\"https:\/\/rysunkidladzieci.com\/wp-content\/uploads\/2021\/09\/Myszki.jpg 1024w, https:\/\/rysunkidladzieci.com\/wp-content\/uploads\/2021\/09\/Myszki-300x219.jpg 300w, https:\/\/rysunkidladzieci.com\/wp-content\/uploads\/2021\/09\/Myszki-768x562.jpg 768w, https:\/\/rysunkidladzieci.com\/wp-content\/uploads\/2021\/09\/Myszki-479x350.jpg 479w, https:\/\/rysunkidladzieci.com\/wp-content\/uploads\/2021\/09\/Myszki-150x110.jpg 150w\" sizes=\"(max-width: 1024px) 100vw, 1024px\" \/><\/a><\/figure>\n\n\n\n<figure class=\"wp-block-image size-full\"><a href=\"https:\/\/rysunkidladzieci.com\/wp-content\/uploads\/2021\/09\/LakoweSprawy.jpg\"><img width=\"1024\" height=\"731\" data-id=\"422\"  src=\"https:\/\/rysunkidladzieci.com\/wp-content\/uploads\/2021\/09\/LakoweSprawy.jpg\" alt=\"Ilustracja dla dzieci. Przedstawia \u0142\u0105k\u0119 pe\u0142n\u0105 r\u00f3\u017cnych kwiat\u00f3w. Kwiaty s\u0105 du\u017ce. Na dole, po\u015brodku wida\u0107 fragment \u015bcie\u017cki, na kt\u00f3rej stoj\u0105 ma\u0142e owady: biedronka, \u017cuk, mr\u00f3wka, pszczo\u0142\u0105 i much. To grupa przyjaci\u00f3\u0142. Stoj\u0105 ty\u0142em i ogl\u0105daj\u0105 map\u0119 z li\u015bcia. \u0141\u0105ka, owady, kwiaty na \u0142\u0105ce, mak, mlecz, stokrotka, pow\u00f3j, oset, koniczyna, chaber, ilustracja dla dzieci, plakat do pokoju dzieci\u0119cego\" class=\"wp-image-422\" srcset=\"https:\/\/rysunkidladzieci.com\/wp-content\/uploads\/2021\/09\/LakoweSprawy.jpg 1024w, https:\/\/rysunkidladzieci.com\/wp-content\/uploads\/2021\/09\/LakoweSprawy-300x214.jpg 300w, https:\/\/rysunkidladzieci.com\/wp-content\/uploads\/2021\/09\/LakoweSprawy-768x548.jpg 768w, https:\/\/rysunkidladzieci.com\/wp-content\/uploads\/2021\/09\/LakoweSprawy-490x350.jpg 490w, https:\/\/rysunkidladzieci.com\/wp-content\/uploads\/2021\/09\/LakoweSprawy-150x107.jpg 150w\" sizes=\"(max-width: 1024px) 100vw, 1024px\" \/><\/a><\/figure>\n<\/figure>\n","protected":false},"excerpt":{"rendered":"<p>Ilustracje dla dzieci w formie plakatu, wykonane akwarel\u0105 i tuszem. O\u017cywi\u0105 i nadadz\u0105 charakteru ka\u017cdemu dzieci\u0119cemu k\u0105cikowi. Przedstawiaj\u0105 bajkowy \u015bwiat pe\u0142en ciep\u0142a i optymizmu. Tutaj zwykle dzie\u0144 jest s\u0142oneczny i pe\u0142en przyg\u00f3d. Je\u015bli pada, zawsze znajdzie si\u0119 przyjaciel, kt\u00f3ry poda kubek ciep\u0142ego kakao. \ud83d\ude42 Gdy przychodzi noc, rozsypuje na niebie&#8230; <a class=\"continue-reading-link\" href=\"https:\/\/rysunkidladzieci.com\/index.php\/ilustracje-dla-dzieci\/\">czytaj wi\u0119cej<\/a><\/p>\n","protected":false},"author":1,"featured_media":0,"parent":0,"menu_order":0,"comment_status":"closed","ping_status":"closed","template":"","meta":[],"yoast_head":"<!-- This site is optimized with the Yoast SEO plugin v18.3 - https:\/\/yoast.com\/wordpress\/plugins\/seo\/ -->\n<title>Ilustracje dla dzieci - pati machnio<\/title>\n<meta name=\"description\" content=\"Ilustracje dla dzieci w formie plakatu, wykonane akwarel\u0105 i tuszem. O\u017cywi\u0105 i nadadz\u0105 charakteru ka\u017cdemu dzieci\u0119cemu k\u0105cikowi.\" \/>\n<meta name=\"robots\" content=\"index, follow, max-snippet:-1, max-image-preview:large, max-video-preview:-1\" \/>\n<link rel=\"canonical\" href=\"https:\/\/rysunkidladzieci.com\/index.php\/ilustracje-dla-dzieci\/\" \/>\n<meta property=\"og:locale\" content=\"pl_PL\" \/>\n<meta property=\"og:type\" content=\"article\" \/>\n<meta property=\"og:title\" content=\"Ilustracje dla dzieci - pati machnio\" \/>\n<meta property=\"og:description\" content=\"Ilustracje dla dzieci w formie plakatu, wykonane akwarel\u0105 i tuszem. O\u017cywi\u0105 i nadadz\u0105 charakteru ka\u017cdemu dzieci\u0119cemu k\u0105cikowi.\" \/>\n<meta property=\"og:url\" content=\"https:\/\/rysunkidladzieci.com\/index.php\/ilustracje-dla-dzieci\/\" \/>\n<meta property=\"og:site_name\" content=\"pati machnio\" \/>\n<meta property=\"article:modified_time\" content=\"2022-02-10T22:45:51+00:00\" \/>\n<meta property=\"og:image\" content=\"https:\/\/rysunkidladzieci.com\/wp-content\/uploads\/2021\/11\/MP-14-0.jpg\" \/>\n<meta name=\"twitter:card\" content=\"summary_large_image\" \/>\n<meta name=\"twitter:label1\" content=\"Szacowany czas czytania\" \/>\n\t<meta name=\"twitter:data1\" content=\"3 minuty\" \/>\n<script type=\"application\/ld+json\" class=\"yoast-schema-graph\">{\"@context\":\"https:\/\/schema.org\",\"@graph\":[{\"@type\":\"WebSite\",\"@id\":\"https:\/\/rysunkidladzieci.com\/#website\",\"url\":\"https:\/\/rysunkidladzieci.com\/\",\"name\":\"pati machnio\",\"description\":\"RYSUNKI I ILUSTRACJE DLA DZIECI\",\"potentialAction\":[{\"@type\":\"SearchAction\",\"target\":{\"@type\":\"EntryPoint\",\"urlTemplate\":\"https:\/\/rysunkidladzieci.com\/?s={search_term_string}\"},\"query-input\":\"required name=search_term_string\"}],\"inLanguage\":\"pl-PL\"},{\"@type\":\"ImageObject\",\"@id\":\"https:\/\/rysunkidladzieci.com\/index.php\/ilustracje-dla-dzieci\/#primaryimage\",\"inLanguage\":\"pl-PL\",\"url\":\"https:\/\/rysunkidladzieci.com\/wp-content\/uploads\/2021\/11\/MP-14-0.jpg\",\"contentUrl\":\"https:\/\/rysunkidladzieci.com\/wp-content\/uploads\/2021\/11\/MP-14-0.jpg\",\"width\":552,\"height\":768,\"caption\":\"las, le\u015bne zwierzaki, ilustracja dla dzieci, plakat do pokoju dzieci\u0119cego\"},{\"@type\":\"WebPage\",\"@id\":\"https:\/\/rysunkidladzieci.com\/index.php\/ilustracje-dla-dzieci\/#webpage\",\"url\":\"https:\/\/rysunkidladzieci.com\/index.php\/ilustracje-dla-dzieci\/\",\"name\":\"Ilustracje dla dzieci - pati machnio\",\"isPartOf\":{\"@id\":\"https:\/\/rysunkidladzieci.com\/#website\"},\"primaryImageOfPage\":{\"@id\":\"https:\/\/rysunkidladzieci.com\/index.php\/ilustracje-dla-dzieci\/#primaryimage\"},\"datePublished\":\"2022-01-28T22:19:34+00:00\",\"dateModified\":\"2022-02-10T22:45:51+00:00\",\"description\":\"Ilustracje dla dzieci w formie plakatu, wykonane akwarel\u0105 i tuszem. O\u017cywi\u0105 i nadadz\u0105 charakteru ka\u017cdemu dzieci\u0119cemu k\u0105cikowi.\",\"breadcrumb\":{\"@id\":\"https:\/\/rysunkidladzieci.com\/index.php\/ilustracje-dla-dzieci\/#breadcrumb\"},\"inLanguage\":\"pl-PL\",\"potentialAction\":[{\"@type\":\"ReadAction\",\"target\":[\"https:\/\/rysunkidladzieci.com\/index.php\/ilustracje-dla-dzieci\/\"]}]},{\"@type\":\"BreadcrumbList\",\"@id\":\"https:\/\/rysunkidladzieci.com\/index.php\/ilustracje-dla-dzieci\/#breadcrumb\",\"itemListElement\":[{\"@type\":\"ListItem\",\"position\":1,\"name\":\"Strona g\u0142\u00f3wna\",\"item\":\"https:\/\/rysunkidladzieci.com\/\"},{\"@type\":\"ListItem\",\"position\":2,\"name\":\"Ilustracje dla dzieci\"}]}]}<\/script>\n<!-- \/ Yoast SEO plugin. -->","yoast_head_json":{"title":"Ilustracje dla dzieci - pati machnio","description":"Ilustracje dla dzieci w formie plakatu, wykonane akwarel\u0105 i tuszem. O\u017cywi\u0105 i nadadz\u0105 charakteru ka\u017cdemu dzieci\u0119cemu k\u0105cikowi.","robots":{"index":"index","follow":"follow","max-snippet":"max-snippet:-1","max-image-preview":"max-image-preview:large","max-video-preview":"max-video-preview:-1"},"canonical":"https:\/\/rysunkidladzieci.com\/index.php\/ilustracje-dla-dzieci\/","og_locale":"pl_PL","og_type":"article","og_title":"Ilustracje dla dzieci - pati machnio","og_description":"Ilustracje dla dzieci w formie plakatu, wykonane akwarel\u0105 i tuszem. O\u017cywi\u0105 i nadadz\u0105 charakteru ka\u017cdemu dzieci\u0119cemu k\u0105cikowi.","og_url":"https:\/\/rysunkidladzieci.com\/index.php\/ilustracje-dla-dzieci\/","og_site_name":"pati machnio","article_modified_time":"2022-02-10T22:45:51+00:00","og_image":[{"url":"https:\/\/rysunkidladzieci.com\/wp-content\/uploads\/2021\/11\/MP-14-0.jpg"}],"twitter_card":"summary_large_image","twitter_misc":{"Szacowany czas czytania":"3 minuty"},"schema":{"@context":"https:\/\/schema.org","@graph":[{"@type":"WebSite","@id":"https:\/\/rysunkidladzieci.com\/#website","url":"https:\/\/rysunkidladzieci.com\/","name":"pati machnio","description":"RYSUNKI I ILUSTRACJE DLA DZIECI","potentialAction":[{"@type":"SearchAction","target":{"@type":"EntryPoint","urlTemplate":"https:\/\/rysunkidladzieci.com\/?s={search_term_string}"},"query-input":"required name=search_term_string"}],"inLanguage":"pl-PL"},{"@type":"ImageObject","@id":"https:\/\/rysunkidladzieci.com\/index.php\/ilustracje-dla-dzieci\/#primaryimage","inLanguage":"pl-PL","url":"https:\/\/rysunkidladzieci.com\/wp-content\/uploads\/2021\/11\/MP-14-0.jpg","contentUrl":"https:\/\/rysunkidladzieci.com\/wp-content\/uploads\/2021\/11\/MP-14-0.jpg","width":552,"height":768,"caption":"las, le\u015bne zwierzaki, ilustracja dla dzieci, plakat do pokoju dzieci\u0119cego"},{"@type":"WebPage","@id":"https:\/\/rysunkidladzieci.com\/index.php\/ilustracje-dla-dzieci\/#webpage","url":"https:\/\/rysunkidladzieci.com\/index.php\/ilustracje-dla-dzieci\/","name":"Ilustracje dla dzieci - pati machnio","isPartOf":{"@id":"https:\/\/rysunkidladzieci.com\/#website"},"primaryImageOfPage":{"@id":"https:\/\/rysunkidladzieci.com\/index.php\/ilustracje-dla-dzieci\/#primaryimage"},"datePublished":"2022-01-28T22:19:34+00:00","dateModified":"2022-02-10T22:45:51+00:00","description":"Ilustracje dla dzieci w formie plakatu, wykonane akwarel\u0105 i tuszem. O\u017cywi\u0105 i nadadz\u0105 charakteru ka\u017cdemu dzieci\u0119cemu k\u0105cikowi.","breadcrumb":{"@id":"https:\/\/rysunkidladzieci.com\/index.php\/ilustracje-dla-dzieci\/#breadcrumb"},"inLanguage":"pl-PL","potentialAction":[{"@type":"ReadAction","target":["https:\/\/rysunkidladzieci.com\/index.php\/ilustracje-dla-dzieci\/"]}]},{"@type":"BreadcrumbList","@id":"https:\/\/rysunkidladzieci.com\/index.php\/ilustracje-dla-dzieci\/#breadcrumb","itemListElement":[{"@type":"ListItem","position":1,"name":"Strona g\u0142\u00f3wna","item":"https:\/\/rysunkidladzieci.com\/"},{"@type":"ListItem","position":2,"name":"Ilustracje dla dzieci"}]}]}},"_links":{"self":[{"href":"https:\/\/rysunkidladzieci.com\/index.php\/wp-json\/wp\/v2\/pages\/645"}],"collection":[{"href":"https:\/\/rysunkidladzieci.com\/index.php\/wp-json\/wp\/v2\/pages"}],"about":[{"href":"https:\/\/rysunkidladzieci.com\/index.php\/wp-json\/wp\/v2\/types\/page"}],"author":[{"embeddable":true,"href":"https:\/\/rysunkidladzieci.com\/index.php\/wp-json\/wp\/v2\/users\/1"}],"replies":[{"embeddable":true,"href":"https:\/\/rysunkidladzieci.com\/index.php\/wp-json\/wp\/v2\/comments?post=645"}],"version-history":[{"count":1,"href":"https:\/\/rysunkidladzieci.com\/index.php\/wp-json\/wp\/v2\/pages\/645\/revisions"}],"predecessor-version":[{"id":686,"href":"https:\/\/rysunkidladzieci.com\/index.php\/wp-json\/wp\/v2\/pages\/645\/revisions\/686"}],"wp:attachment":[{"href":"https:\/\/rysunkidladzieci.com\/index.php\/wp-json\/wp\/v2\/media?parent=645"}],"curies":[{"name":"wp","href":"https:\/\/api.w.org\/{rel}","templated":true}]}}