{"id":649,"date":"2022-01-28T23:46:10","date_gmt":"2022-01-28T22:46:10","guid":{"rendered":"https:\/\/rysunkidladzieci.com\/?page_id=649"},"modified":"2022-01-28T23:50:32","modified_gmt":"2022-01-28T22:50:32","slug":"rysunki-dla-dzieci","status":"publish","type":"page","link":"https:\/\/rysunkidladzieci.com\/index.php\/rysunki-dla-dzieci\/","title":{"rendered":"Rysunki dla dzieci"},"content":{"rendered":"\n<figure class=\"wp-block-gallery columns-3 is-cropped\"><ul class=\"blocks-gallery-grid\"><li class=\"blocks-gallery-item\"><figure><a href=\"https:\/\/rysunkidladzieci.com\/wp-content\/uploads\/2021\/03\/rozowe_okulary.jpg\"><img width=\"768\" height=\"804\" src=\"https:\/\/rysunkidladzieci.com\/wp-content\/uploads\/2021\/03\/rozowe_okulary.jpg\" alt=\"r\u00f3\u017cowe okulary dziewczynka w r\u00f3\u017cowych okularach ilustracja dla dzieci little girl in pink glasses illustration for children\" data-id=\"172\" data-full-url=\"https:\/\/rysunkidladzieci.com\/wp-content\/uploads\/2021\/03\/rozowe_okulary.jpg\" data-link=\"https:\/\/rysunkidladzieci.com\/rozowe_okulary\/\" class=\"wp-image-172\" srcset=\"https:\/\/rysunkidladzieci.com\/wp-content\/uploads\/2021\/03\/rozowe_okulary.jpg 768w, https:\/\/rysunkidladzieci.com\/wp-content\/uploads\/2021\/03\/rozowe_okulary-287x300.jpg 287w, https:\/\/rysunkidladzieci.com\/wp-content\/uploads\/2021\/03\/rozowe_okulary-334x350.jpg 334w, https:\/\/rysunkidladzieci.com\/wp-content\/uploads\/2021\/03\/rozowe_okulary-143x150.jpg 143w\" sizes=\"(max-width: 768px) 100vw, 768px\" \/><\/a><\/figure><\/li><li class=\"blocks-gallery-item\"><figure><a href=\"https:\/\/rysunkidladzieci.com\/wp-content\/uploads\/2021\/03\/dmuchawiec.jpg\"><img width=\"762\" height=\"768\" src=\"https:\/\/rysunkidladzieci.com\/wp-content\/uploads\/2021\/03\/dmuchawiec.jpg\" alt=\"ch\u0142opiec z dmuchawcem dmuchawiec spadochroniki boy with dandelion dandelion parachutes\" data-id=\"139\" data-full-url=\"https:\/\/rysunkidladzieci.com\/wp-content\/uploads\/2021\/03\/dmuchawiec.jpg\" data-link=\"https:\/\/rysunkidladzieci.com\/dmuchawiec\/\" class=\"wp-image-139\" srcset=\"https:\/\/rysunkidladzieci.com\/wp-content\/uploads\/2021\/03\/dmuchawiec.jpg 762w, https:\/\/rysunkidladzieci.com\/wp-content\/uploads\/2021\/03\/dmuchawiec-298x300.jpg 298w, https:\/\/rysunkidladzieci.com\/wp-content\/uploads\/2021\/03\/dmuchawiec-150x150.jpg 150w, https:\/\/rysunkidladzieci.com\/wp-content\/uploads\/2021\/03\/dmuchawiec-347x350.jpg 347w\" sizes=\"(max-width: 762px) 100vw, 762px\" \/><\/a><\/figure><\/li><li class=\"blocks-gallery-item\"><figure><a href=\"https:\/\/rysunkidladzieci.com\/wp-content\/uploads\/2021\/03\/ogrodniczka.jpg\"><img width=\"768\" height=\"801\" src=\"https:\/\/rysunkidladzieci.com\/wp-content\/uploads\/2021\/03\/ogrodniczka.jpg\" alt=\"ma\u0142a ogrodniczka dziewczynka z kwiatami ilustracja dla dzieci little gardener girl with flowers\" data-id=\"166\" data-full-url=\"https:\/\/rysunkidladzieci.com\/wp-content\/uploads\/2021\/03\/ogrodniczka.jpg\" data-link=\"https:\/\/rysunkidladzieci.com\/ogrodniczka\/\" class=\"wp-image-166\" srcset=\"https:\/\/rysunkidladzieci.com\/wp-content\/uploads\/2021\/03\/ogrodniczka.jpg 768w, https:\/\/rysunkidladzieci.com\/wp-content\/uploads\/2021\/03\/ogrodniczka-288x300.jpg 288w, https:\/\/rysunkidladzieci.com\/wp-content\/uploads\/2021\/03\/ogrodniczka-336x350.jpg 336w, https:\/\/rysunkidladzieci.com\/wp-content\/uploads\/2021\/03\/ogrodniczka-144x150.jpg 144w\" sizes=\"(max-width: 768px) 100vw, 768px\" \/><\/a><\/figure><\/li><li class=\"blocks-gallery-item\"><figure><a href=\"https:\/\/rysunkidladzieci.com\/wp-content\/uploads\/2021\/03\/dynia.jpg\"><img width=\"773\" height=\"768\" src=\"https:\/\/rysunkidladzieci.com\/wp-content\/uploads\/2021\/03\/dynia.jpg\" alt=\"ch\u0142opiec z dyni\u0105 jesie\u0144 w ogrodzie ilustracja dla dzieci boy with a pumpkin autumn in the garden illustration for children\" data-id=\"146\" data-full-url=\"https:\/\/rysunkidladzieci.com\/wp-content\/uploads\/2021\/03\/dynia.jpg\" data-link=\"https:\/\/rysunkidladzieci.com\/dynia\/\" class=\"wp-image-146\" srcset=\"https:\/\/rysunkidladzieci.com\/wp-content\/uploads\/2021\/03\/dynia.jpg 773w, https:\/\/rysunkidladzieci.com\/wp-content\/uploads\/2021\/03\/dynia-300x298.jpg 300w, https:\/\/rysunkidladzieci.com\/wp-content\/uploads\/2021\/03\/dynia-150x150.jpg 150w, https:\/\/rysunkidladzieci.com\/wp-content\/uploads\/2021\/03\/dynia-768x763.jpg 768w, https:\/\/rysunkidladzieci.com\/wp-content\/uploads\/2021\/03\/dynia-352x350.jpg 352w\" sizes=\"(max-width: 773px) 100vw, 773px\" \/><\/a><\/figure><\/li><li class=\"blocks-gallery-item\"><figure><a href=\"https:\/\/rysunkidladzieci.com\/wp-content\/uploads\/2021\/03\/grabienie_lisci.jpg\"><img width=\"1024\" height=\"588\" src=\"https:\/\/rysunkidladzieci.com\/wp-content\/uploads\/2021\/03\/grabienie_lisci.jpg\" alt=\"grabienie li\u015bci jesie\u0144 ch\u0142opiec w ogrodzie raking leaves autumn boy in the garden\" data-id=\"153\" data-full-url=\"https:\/\/rysunkidladzieci.com\/wp-content\/uploads\/2021\/03\/grabienie_lisci.jpg\" data-link=\"https:\/\/rysunkidladzieci.com\/grabienie_lisci\/\" class=\"wp-image-153\" srcset=\"https:\/\/rysunkidladzieci.com\/wp-content\/uploads\/2021\/03\/grabienie_lisci.jpg 1024w, https:\/\/rysunkidladzieci.com\/wp-content\/uploads\/2021\/03\/grabienie_lisci-300x172.jpg 300w, https:\/\/rysunkidladzieci.com\/wp-content\/uploads\/2021\/03\/grabienie_lisci-768x441.jpg 768w, https:\/\/rysunkidladzieci.com\/wp-content\/uploads\/2021\/03\/grabienie_lisci-610x350.jpg 610w, https:\/\/rysunkidladzieci.com\/wp-content\/uploads\/2021\/03\/grabienie_lisci-150x86.jpg 150w\" sizes=\"(max-width: 1024px) 100vw, 1024px\" \/><\/a><\/figure><\/li><li class=\"blocks-gallery-item\"><figure><a href=\"https:\/\/rysunkidladzieci.com\/wp-content\/uploads\/2021\/03\/slimak.jpg\"><img width=\"768\" height=\"807\" src=\"https:\/\/rysunkidladzieci.com\/wp-content\/uploads\/2021\/03\/slimak.jpg\" alt=\"\u015blimak ch\u0142opiec w parku jesie\u0144 z dzieckiem skarby jesieni snail boy in the park autumn treasures\" data-id=\"179\" data-full-url=\"https:\/\/rysunkidladzieci.com\/wp-content\/uploads\/2021\/03\/slimak.jpg\" data-link=\"https:\/\/rysunkidladzieci.com\/slimak\/\" class=\"wp-image-179\" srcset=\"https:\/\/rysunkidladzieci.com\/wp-content\/uploads\/2021\/03\/slimak.jpg 768w, https:\/\/rysunkidladzieci.com\/wp-content\/uploads\/2021\/03\/slimak-286x300.jpg 286w, https:\/\/rysunkidladzieci.com\/wp-content\/uploads\/2021\/03\/slimak-333x350.jpg 333w, https:\/\/rysunkidladzieci.com\/wp-content\/uploads\/2021\/03\/slimak-143x150.jpg 143w\" sizes=\"(max-width: 768px) 100vw, 768px\" \/><\/a><\/figure><\/li><li class=\"blocks-gallery-item\"><figure><a href=\"https:\/\/rysunkidladzieci.com\/wp-content\/uploads\/2021\/03\/wiewiorka.jpg\"><img width=\"768\" height=\"838\" src=\"https:\/\/rysunkidladzieci.com\/wp-content\/uploads\/2021\/03\/wiewiorka.jpg\" alt=\"wiewi\u00f3rka dziewczynka z wiewi\u00f3rk\u0105 jesie\u0144 z dzieckiem jesie\u0144 w parku czas dzieci ilustracja dla dzieci dzieci poznaj\u0105 \u015bwiat\" data-id=\"195\" data-full-url=\"https:\/\/rysunkidladzieci.com\/wp-content\/uploads\/2021\/03\/wiewiorka.jpg\" data-link=\"https:\/\/rysunkidladzieci.com\/wiewiorka\/\" class=\"wp-image-195\" srcset=\"https:\/\/rysunkidladzieci.com\/wp-content\/uploads\/2021\/03\/wiewiorka.jpg 768w, https:\/\/rysunkidladzieci.com\/wp-content\/uploads\/2021\/03\/wiewiorka-275x300.jpg 275w, https:\/\/rysunkidladzieci.com\/wp-content\/uploads\/2021\/03\/wiewiorka-321x350.jpg 321w, https:\/\/rysunkidladzieci.com\/wp-content\/uploads\/2021\/03\/wiewiorka-137x150.jpg 137w\" sizes=\"(max-width: 768px) 100vw, 768px\" \/><\/a><\/figure><\/li><li class=\"blocks-gallery-item\"><figure><a href=\"https:\/\/rysunkidladzieci.com\/wp-content\/uploads\/2021\/03\/w_czasie_deszczu.jpg\"><img width=\"768\" height=\"828\" src=\"https:\/\/rysunkidladzieci.com\/wp-content\/uploads\/2021\/03\/w_czasie_deszczu.jpg\" alt=\"deszczowa pogoda ka\u0142u\u017ca skakanie w ka\u0142u\u017cy rainy weather in the rain jumping in the puddle w czasie deszczu dzieci si\u0119 nudz\u0105\" data-id=\"190\" data-full-url=\"https:\/\/rysunkidladzieci.com\/wp-content\/uploads\/2021\/03\/w_czasie_deszczu.jpg\" data-link=\"https:\/\/rysunkidladzieci.com\/w_czasie_deszczu\/\" class=\"wp-image-190\" srcset=\"https:\/\/rysunkidladzieci.com\/wp-content\/uploads\/2021\/03\/w_czasie_deszczu.jpg 768w, https:\/\/rysunkidladzieci.com\/wp-content\/uploads\/2021\/03\/w_czasie_deszczu-278x300.jpg 278w, https:\/\/rysunkidladzieci.com\/wp-content\/uploads\/2021\/03\/w_czasie_deszczu-325x350.jpg 325w, https:\/\/rysunkidladzieci.com\/wp-content\/uploads\/2021\/03\/w_czasie_deszczu-139x150.jpg 139w\" sizes=\"(max-width: 768px) 100vw, 768px\" \/><\/a><\/figure><\/li><li class=\"blocks-gallery-item\"><figure><a href=\"https:\/\/rysunkidladzieci.com\/wp-content\/uploads\/2021\/03\/w_czasie_deszczu_A.jpg\"><img width=\"768\" height=\"787\" src=\"https:\/\/rysunkidladzieci.com\/wp-content\/uploads\/2021\/03\/w_czasie_deszczu_A.jpg\" alt=\"deszczowa pogoda ka\u0142u\u017ca skakanie w ka\u0142u\u017cy rainy weather in the rain jumping in the puddle w czasie deszczu dzieci si\u0119 nudz\u0105\" data-id=\"191\" data-full-url=\"https:\/\/rysunkidladzieci.com\/wp-content\/uploads\/2021\/03\/w_czasie_deszczu_A.jpg\" data-link=\"https:\/\/rysunkidladzieci.com\/w_czasie_deszczu_a\/\" class=\"wp-image-191\" srcset=\"https:\/\/rysunkidladzieci.com\/wp-content\/uploads\/2021\/03\/w_czasie_deszczu_A.jpg 768w, https:\/\/rysunkidladzieci.com\/wp-content\/uploads\/2021\/03\/w_czasie_deszczu_A-293x300.jpg 293w, https:\/\/rysunkidladzieci.com\/wp-content\/uploads\/2021\/03\/w_czasie_deszczu_A-342x350.jpg 342w, https:\/\/rysunkidladzieci.com\/wp-content\/uploads\/2021\/03\/w_czasie_deszczu_A-146x150.jpg 146w\" sizes=\"(max-width: 768px) 100vw, 768px\" \/><\/a><\/figure><\/li><li class=\"blocks-gallery-item\"><figure><a href=\"https:\/\/rysunkidladzieci.com\/wp-content\/uploads\/2021\/03\/pioro4.jpg\"><img width=\"768\" height=\"943\" src=\"https:\/\/rysunkidladzieci.com\/wp-content\/uploads\/2021\/03\/pioro4.jpg\" alt=\"indianka dziewczynka z \u0142ukiem indian girl girl with a bow\" data-id=\"171\" data-full-url=\"https:\/\/rysunkidladzieci.com\/wp-content\/uploads\/2021\/03\/pioro4.jpg\" data-link=\"https:\/\/rysunkidladzieci.com\/pioro4\/\" class=\"wp-image-171\" srcset=\"https:\/\/rysunkidladzieci.com\/wp-content\/uploads\/2021\/03\/pioro4.jpg 768w, https:\/\/rysunkidladzieci.com\/wp-content\/uploads\/2021\/03\/pioro4-244x300.jpg 244w, https:\/\/rysunkidladzieci.com\/wp-content\/uploads\/2021\/03\/pioro4-285x350.jpg 285w, https:\/\/rysunkidladzieci.com\/wp-content\/uploads\/2021\/03\/pioro4-122x150.jpg 122w\" sizes=\"(max-width: 768px) 100vw, 768px\" \/><\/a><figcaption class=\"blocks-gallery-item__caption\">ps<\/figcaption><\/figure><\/li><li class=\"blocks-gallery-item\"><figure><a href=\"https:\/\/rysunkidladzieci.com\/wp-content\/uploads\/2021\/03\/indianka1.jpg\"><img width=\"768\" height=\"859\" src=\"https:\/\/rysunkidladzieci.com\/wp-content\/uploads\/2021\/03\/indianka1.jpg\" alt=\"indianka w ogrodzie ilustracja dla dzieci indian girl in the garden\" data-id=\"155\" data-full-url=\"https:\/\/rysunkidladzieci.com\/wp-content\/uploads\/2021\/03\/indianka1.jpg\" data-link=\"https:\/\/rysunkidladzieci.com\/indianka1\/\" class=\"wp-image-155\" srcset=\"https:\/\/rysunkidladzieci.com\/wp-content\/uploads\/2021\/03\/indianka1.jpg 768w, https:\/\/rysunkidladzieci.com\/wp-content\/uploads\/2021\/03\/indianka1-268x300.jpg 268w, https:\/\/rysunkidladzieci.com\/wp-content\/uploads\/2021\/03\/indianka1-313x350.jpg 313w, https:\/\/rysunkidladzieci.com\/wp-content\/uploads\/2021\/03\/indianka1-134x150.jpg 134w\" sizes=\"(max-width: 768px) 100vw, 768px\" \/><\/a><\/figure><\/li><li class=\"blocks-gallery-item\"><figure><a href=\"https:\/\/rysunkidladzieci.com\/wp-content\/uploads\/2021\/03\/aniolek_na_sniegu.jpg\"><img width=\"768\" height=\"869\" src=\"https:\/\/rysunkidladzieci.com\/wp-content\/uploads\/2021\/03\/aniolek_na_sniegu.jpg\" alt=\"anio\u0142ek na \u015bniegu zima z dzie\u0107mi ilustracja dla dzieci little angel in the snow winter with children illustration for kids\" data-id=\"135\" data-full-url=\"https:\/\/rysunkidladzieci.com\/wp-content\/uploads\/2021\/03\/aniolek_na_sniegu.jpg\" data-link=\"https:\/\/rysunkidladzieci.com\/aniolek_na_sniegu\/\" class=\"wp-image-135\" srcset=\"https:\/\/rysunkidladzieci.com\/wp-content\/uploads\/2021\/03\/aniolek_na_sniegu.jpg 768w, https:\/\/rysunkidladzieci.com\/wp-content\/uploads\/2021\/03\/aniolek_na_sniegu-265x300.jpg 265w, https:\/\/rysunkidladzieci.com\/wp-content\/uploads\/2021\/03\/aniolek_na_sniegu-309x350.jpg 309w, https:\/\/rysunkidladzieci.com\/wp-content\/uploads\/2021\/03\/aniolek_na_sniegu-133x150.jpg 133w\" sizes=\"(max-width: 768px) 100vw, 768px\" \/><\/a><\/figure><\/li><li class=\"blocks-gallery-item\"><figure><a href=\"https:\/\/rysunkidladzieci.com\/wp-content\/uploads\/2021\/03\/babeczkiBWwarm.jpg\"><img width=\"768\" height=\"795\" src=\"https:\/\/rysunkidladzieci.com\/wp-content\/uploads\/2021\/03\/babeczkiBWwarm.jpg\" alt=\"babeczki dzieci gotuj\u0105 ilustracja dla dzieci cupcakes children cook illustration for children\" data-id=\"137\" data-full-url=\"https:\/\/rysunkidladzieci.com\/wp-content\/uploads\/2021\/03\/babeczkiBWwarm.jpg\" data-link=\"https:\/\/rysunkidladzieci.com\/babeczkibwwarm\/\" class=\"wp-image-137\" srcset=\"https:\/\/rysunkidladzieci.com\/wp-content\/uploads\/2021\/03\/babeczkiBWwarm.jpg 768w, https:\/\/rysunkidladzieci.com\/wp-content\/uploads\/2021\/03\/babeczkiBWwarm-290x300.jpg 290w, https:\/\/rysunkidladzieci.com\/wp-content\/uploads\/2021\/03\/babeczkiBWwarm-338x350.jpg 338w, https:\/\/rysunkidladzieci.com\/wp-content\/uploads\/2021\/03\/babeczkiBWwarm-145x150.jpg 145w\" sizes=\"(max-width: 768px) 100vw, 768px\" \/><\/a><\/figure><\/li><li class=\"blocks-gallery-item\"><figure><a href=\"https:\/\/rysunkidladzieci.com\/wp-content\/uploads\/2021\/03\/teatrzykBWwarm.jpg\"><img width=\"768\" height=\"773\" src=\"https:\/\/rysunkidladzieci.com\/wp-content\/uploads\/2021\/03\/teatrzykBWwarm.jpg\" alt=\"domowy teatrzyk kreatywna zabawa czas dzieci home theater creative fun children's time\" data-id=\"189\" data-full-url=\"https:\/\/rysunkidladzieci.com\/wp-content\/uploads\/2021\/03\/teatrzykBWwarm.jpg\" data-link=\"https:\/\/rysunkidladzieci.com\/teatrzykbwwarm\/\" class=\"wp-image-189\" srcset=\"https:\/\/rysunkidladzieci.com\/wp-content\/uploads\/2021\/03\/teatrzykBWwarm.jpg 768w, https:\/\/rysunkidladzieci.com\/wp-content\/uploads\/2021\/03\/teatrzykBWwarm-298x300.jpg 298w, https:\/\/rysunkidladzieci.com\/wp-content\/uploads\/2021\/03\/teatrzykBWwarm-150x150.jpg 150w, https:\/\/rysunkidladzieci.com\/wp-content\/uploads\/2021\/03\/teatrzykBWwarm-348x350.jpg 348w\" sizes=\"(max-width: 768px) 100vw, 768px\" \/><\/a><\/figure><\/li><li class=\"blocks-gallery-item\"><figure><a href=\"https:\/\/rysunkidladzieci.com\/wp-content\/uploads\/2021\/03\/salatka-BWwarm.jpg\"><img width=\"768\" height=\"792\" src=\"https:\/\/rysunkidladzieci.com\/wp-content\/uploads\/2021\/03\/salatka-BWwarm.jpg\" alt=\"sa\u0142atka z klock\u00f3w dzieci gotuj\u0105 ilustracja dla dzieci block salad children cook illustration for children\" data-id=\"175\" data-full-url=\"https:\/\/rysunkidladzieci.com\/wp-content\/uploads\/2021\/03\/salatka-BWwarm.jpg\" data-link=\"https:\/\/rysunkidladzieci.com\/salatka-bwwarm\/\" class=\"wp-image-175\" srcset=\"https:\/\/rysunkidladzieci.com\/wp-content\/uploads\/2021\/03\/salatka-BWwarm.jpg 768w, https:\/\/rysunkidladzieci.com\/wp-content\/uploads\/2021\/03\/salatka-BWwarm-291x300.jpg 291w, https:\/\/rysunkidladzieci.com\/wp-content\/uploads\/2021\/03\/salatka-BWwarm-339x350.jpg 339w, https:\/\/rysunkidladzieci.com\/wp-content\/uploads\/2021\/03\/salatka-BWwarm-145x150.jpg 145w\" sizes=\"(max-width: 768px) 100vw, 768px\" \/><\/a><\/figure><\/li><li class=\"blocks-gallery-item\"><figure><a href=\"https:\/\/rysunkidladzieci.com\/wp-content\/uploads\/2021\/03\/domek_na_drzewie_2A.jpg\"><img width=\"684\" height=\"1024\" src=\"https:\/\/rysunkidladzieci.com\/wp-content\/uploads\/2021\/03\/domek_na_drzewie_2A.jpg\" alt=\"domek na drzewie lato dzieci ilustracja dla dzieci tree house summer kids illustration for children\" data-id=\"142\" data-full-url=\"https:\/\/rysunkidladzieci.com\/wp-content\/uploads\/2021\/03\/domek_na_drzewie_2A.jpg\" data-link=\"https:\/\/rysunkidladzieci.com\/domek_na_drzewie_2-2\/\" class=\"wp-image-142\" srcset=\"https:\/\/rysunkidladzieci.com\/wp-content\/uploads\/2021\/03\/domek_na_drzewie_2A.jpg 684w, https:\/\/rysunkidladzieci.com\/wp-content\/uploads\/2021\/03\/domek_na_drzewie_2A-200x300.jpg 200w, https:\/\/rysunkidladzieci.com\/wp-content\/uploads\/2021\/03\/domek_na_drzewie_2A-234x350.jpg 234w, https:\/\/rysunkidladzieci.com\/wp-content\/uploads\/2021\/03\/domek_na_drzewie_2A-100x150.jpg 100w\" sizes=\"(max-width: 684px) 100vw, 684px\" \/><\/a><\/figure><\/li><li class=\"blocks-gallery-item\"><figure><a href=\"https:\/\/rysunkidladzieci.com\/wp-content\/uploads\/2021\/03\/domek_na_drzewie1.jpg\"><img width=\"725\" height=\"1024\" src=\"https:\/\/rysunkidladzieci.com\/wp-content\/uploads\/2021\/03\/domek_na_drzewie1.jpg\" alt=\"domek na drzewie lato dzieci ilustracja dla dzieci tree house summer kids illustration for children\" data-id=\"144\" data-full-url=\"https:\/\/rysunkidladzieci.com\/wp-content\/uploads\/2021\/03\/domek_na_drzewie1.jpg\" data-link=\"https:\/\/rysunkidladzieci.com\/domek_na_drzewie1\/\" class=\"wp-image-144\" srcset=\"https:\/\/rysunkidladzieci.com\/wp-content\/uploads\/2021\/03\/domek_na_drzewie1.jpg 725w, https:\/\/rysunkidladzieci.com\/wp-content\/uploads\/2021\/03\/domek_na_drzewie1-212x300.jpg 212w, https:\/\/rysunkidladzieci.com\/wp-content\/uploads\/2021\/03\/domek_na_drzewie1-248x350.jpg 248w, https:\/\/rysunkidladzieci.com\/wp-content\/uploads\/2021\/03\/domek_na_drzewie1-106x150.jpg 106w\" sizes=\"(max-width: 725px) 100vw, 725px\" \/><\/a><\/figure><\/li><li class=\"blocks-gallery-item\"><figure><a href=\"https:\/\/rysunkidladzieci.com\/wp-content\/uploads\/2021\/03\/wiedzma_invert.jpg\"><img width=\"768\" height=\"797\" src=\"https:\/\/rysunkidladzieci.com\/wp-content\/uploads\/2021\/03\/wiedzma_invert.jpg\" alt=\"wied\u017ama przebieranki czas dzieci ilustracja dla dzieci witch dressing up time kids illustration for children\" data-id=\"194\" data-full-url=\"https:\/\/rysunkidladzieci.com\/wp-content\/uploads\/2021\/03\/wiedzma_invert.jpg\" data-link=\"https:\/\/rysunkidladzieci.com\/wiedzma_invert\/\" class=\"wp-image-194\" srcset=\"https:\/\/rysunkidladzieci.com\/wp-content\/uploads\/2021\/03\/wiedzma_invert.jpg 768w, https:\/\/rysunkidladzieci.com\/wp-content\/uploads\/2021\/03\/wiedzma_invert-289x300.jpg 289w, https:\/\/rysunkidladzieci.com\/wp-content\/uploads\/2021\/03\/wiedzma_invert-337x350.jpg 337w, https:\/\/rysunkidladzieci.com\/wp-content\/uploads\/2021\/03\/wiedzma_invert-145x150.jpg 145w\" sizes=\"(max-width: 768px) 100vw, 768px\" \/><\/a><\/figure><\/li><\/ul><\/figure>\n","protected":false},"excerpt":{"rendered":"<p> <a class=\"continue-reading-link\" href=\"https:\/\/rysunkidladzieci.com\/index.php\/rysunki-dla-dzieci\/\">czytaj wi\u0119cej<\/a><\/p>\n","protected":false},"author":1,"featured_media":0,"parent":0,"menu_order":0,"comment_status":"closed","ping_status":"closed","template":"","meta":[],"yoast_head":"<!-- This site is optimized with the Yoast SEO plugin v18.3 - https:\/\/yoast.com\/wordpress\/plugins\/seo\/ -->\n<title>Rysunki dla dzieci - pati machnio<\/title>\n<meta name=\"robots\" content=\"index, follow, max-snippet:-1, max-image-preview:large, max-video-preview:-1\" \/>\n<link rel=\"canonical\" href=\"https:\/\/rysunkidladzieci.com\/index.php\/rysunki-dla-dzieci\/\" \/>\n<meta property=\"og:locale\" content=\"pl_PL\" \/>\n<meta property=\"og:type\" content=\"article\" \/>\n<meta property=\"og:title\" content=\"Rysunki dla dzieci - pati machnio\" \/>\n<meta property=\"og:description\" content=\"czytaj wi\u0119cej\" \/>\n<meta property=\"og:url\" content=\"https:\/\/rysunkidladzieci.com\/index.php\/rysunki-dla-dzieci\/\" \/>\n<meta property=\"og:site_name\" content=\"pati machnio\" \/>\n<meta property=\"article:modified_time\" content=\"2022-01-28T22:50:32+00:00\" \/>\n<meta property=\"og:image\" content=\"https:\/\/rysunkidladzieci.com\/wp-content\/uploads\/2021\/03\/rozowe_okulary.jpg\" \/>\n<meta name=\"twitter:card\" content=\"summary_large_image\" \/>\n<meta name=\"twitter:label1\" content=\"Szacowany czas czytania\" \/>\n\t<meta name=\"twitter:data1\" content=\"4 minuty\" \/>\n<script type=\"application\/ld+json\" class=\"yoast-schema-graph\">{\"@context\":\"https:\/\/schema.org\",\"@graph\":[{\"@type\":\"WebSite\",\"@id\":\"https:\/\/rysunkidladzieci.com\/#website\",\"url\":\"https:\/\/rysunkidladzieci.com\/\",\"name\":\"pati machnio\",\"description\":\"RYSUNKI I ILUSTRACJE DLA DZIECI\",\"potentialAction\":[{\"@type\":\"SearchAction\",\"target\":{\"@type\":\"EntryPoint\",\"urlTemplate\":\"https:\/\/rysunkidladzieci.com\/?s={search_term_string}\"},\"query-input\":\"required name=search_term_string\"}],\"inLanguage\":\"pl-PL\"},{\"@type\":\"ImageObject\",\"@id\":\"https:\/\/rysunkidladzieci.com\/index.php\/rysunki-dla-dzieci\/#primaryimage\",\"inLanguage\":\"pl-PL\",\"url\":\"https:\/\/rysunkidladzieci.com\/wp-content\/uploads\/2021\/03\/rozowe_okulary.jpg\",\"contentUrl\":\"https:\/\/rysunkidladzieci.com\/wp-content\/uploads\/2021\/03\/rozowe_okulary.jpg\",\"width\":768,\"height\":804,\"caption\":\"r\u00f3\u017cowe okulary dziewczynka w r\u00f3\u017cowych okularach ilustracja dla dzieci little girl in pink glasses illustration for children\"},{\"@type\":\"WebPage\",\"@id\":\"https:\/\/rysunkidladzieci.com\/index.php\/rysunki-dla-dzieci\/#webpage\",\"url\":\"https:\/\/rysunkidladzieci.com\/index.php\/rysunki-dla-dzieci\/\",\"name\":\"Rysunki dla dzieci - pati machnio\",\"isPartOf\":{\"@id\":\"https:\/\/rysunkidladzieci.com\/#website\"},\"primaryImageOfPage\":{\"@id\":\"https:\/\/rysunkidladzieci.com\/index.php\/rysunki-dla-dzieci\/#primaryimage\"},\"datePublished\":\"2022-01-28T22:46:10+00:00\",\"dateModified\":\"2022-01-28T22:50:32+00:00\",\"breadcrumb\":{\"@id\":\"https:\/\/rysunkidladzieci.com\/index.php\/rysunki-dla-dzieci\/#breadcrumb\"},\"inLanguage\":\"pl-PL\",\"potentialAction\":[{\"@type\":\"ReadAction\",\"target\":[\"https:\/\/rysunkidladzieci.com\/index.php\/rysunki-dla-dzieci\/\"]}]},{\"@type\":\"BreadcrumbList\",\"@id\":\"https:\/\/rysunkidladzieci.com\/index.php\/rysunki-dla-dzieci\/#breadcrumb\",\"itemListElement\":[{\"@type\":\"ListItem\",\"position\":1,\"name\":\"Strona g\u0142\u00f3wna\",\"item\":\"https:\/\/rysunkidladzieci.com\/\"},{\"@type\":\"ListItem\",\"position\":2,\"name\":\"Rysunki dla dzieci\"}]}]}<\/script>\n<!-- \/ Yoast SEO plugin. -->","yoast_head_json":{"title":"Rysunki dla dzieci - pati machnio","robots":{"index":"index","follow":"follow","max-snippet":"max-snippet:-1","max-image-preview":"max-image-preview:large","max-video-preview":"max-video-preview:-1"},"canonical":"https:\/\/rysunkidladzieci.com\/index.php\/rysunki-dla-dzieci\/","og_locale":"pl_PL","og_type":"article","og_title":"Rysunki dla dzieci - pati machnio","og_description":"czytaj wi\u0119cej","og_url":"https:\/\/rysunkidladzieci.com\/index.php\/rysunki-dla-dzieci\/","og_site_name":"pati machnio","article_modified_time":"2022-01-28T22:50:32+00:00","og_image":[{"url":"https:\/\/rysunkidladzieci.com\/wp-content\/uploads\/2021\/03\/rozowe_okulary.jpg"}],"twitter_card":"summary_large_image","twitter_misc":{"Szacowany czas czytania":"4 minuty"},"schema":{"@context":"https:\/\/schema.org","@graph":[{"@type":"WebSite","@id":"https:\/\/rysunkidladzieci.com\/#website","url":"https:\/\/rysunkidladzieci.com\/","name":"pati machnio","description":"RYSUNKI I ILUSTRACJE DLA DZIECI","potentialAction":[{"@type":"SearchAction","target":{"@type":"EntryPoint","urlTemplate":"https:\/\/rysunkidladzieci.com\/?s={search_term_string}"},"query-input":"required name=search_term_string"}],"inLanguage":"pl-PL"},{"@type":"ImageObject","@id":"https:\/\/rysunkidladzieci.com\/index.php\/rysunki-dla-dzieci\/#primaryimage","inLanguage":"pl-PL","url":"https:\/\/rysunkidladzieci.com\/wp-content\/uploads\/2021\/03\/rozowe_okulary.jpg","contentUrl":"https:\/\/rysunkidladzieci.com\/wp-content\/uploads\/2021\/03\/rozowe_okulary.jpg","width":768,"height":804,"caption":"r\u00f3\u017cowe okulary dziewczynka w r\u00f3\u017cowych okularach ilustracja dla dzieci little girl in pink glasses illustration for children"},{"@type":"WebPage","@id":"https:\/\/rysunkidladzieci.com\/index.php\/rysunki-dla-dzieci\/#webpage","url":"https:\/\/rysunkidladzieci.com\/index.php\/rysunki-dla-dzieci\/","name":"Rysunki dla dzieci - pati machnio","isPartOf":{"@id":"https:\/\/rysunkidladzieci.com\/#website"},"primaryImageOfPage":{"@id":"https:\/\/rysunkidladzieci.com\/index.php\/rysunki-dla-dzieci\/#primaryimage"},"datePublished":"2022-01-28T22:46:10+00:00","dateModified":"2022-01-28T22:50:32+00:00","breadcrumb":{"@id":"https:\/\/rysunkidladzieci.com\/index.php\/rysunki-dla-dzieci\/#breadcrumb"},"inLanguage":"pl-PL","potentialAction":[{"@type":"ReadAction","target":["https:\/\/rysunkidladzieci.com\/index.php\/rysunki-dla-dzieci\/"]}]},{"@type":"BreadcrumbList","@id":"https:\/\/rysunkidladzieci.com\/index.php\/rysunki-dla-dzieci\/#breadcrumb","itemListElement":[{"@type":"ListItem","position":1,"name":"Strona g\u0142\u00f3wna","item":"https:\/\/rysunkidladzieci.com\/"},{"@type":"ListItem","position":2,"name":"Rysunki dla dzieci"}]}]}},"_links":{"self":[{"href":"https:\/\/rysunkidladzieci.com\/index.php\/wp-json\/wp\/v2\/pages\/649"}],"collection":[{"href":"https:\/\/rysunkidladzieci.com\/index.php\/wp-json\/wp\/v2\/pages"}],"about":[{"href":"https:\/\/rysunkidladzieci.com\/index.php\/wp-json\/wp\/v2\/types\/page"}],"author":[{"embeddable":true,"href":"https:\/\/rysunkidladzieci.com\/index.php\/wp-json\/wp\/v2\/users\/1"}],"replies":[{"embeddable":true,"href":"https:\/\/rysunkidladzieci.com\/index.php\/wp-json\/wp\/v2\/comments?post=649"}],"version-history":[{"count":2,"href":"https:\/\/rysunkidladzieci.com\/index.php\/wp-json\/wp\/v2\/pages\/649\/revisions"}],"predecessor-version":[{"id":651,"href":"https:\/\/rysunkidladzieci.com\/index.php\/wp-json\/wp\/v2\/pages\/649\/revisions\/651"}],"wp:attachment":[{"href":"https:\/\/rysunkidladzieci.com\/index.php\/wp-json\/wp\/v2\/media?parent=649"}],"curies":[{"name":"wp","href":"https:\/\/api.w.org\/{rel}","templated":true}]}}