{"id":652,"date":"2022-01-28T23:54:58","date_gmt":"2022-01-28T22:54:58","guid":{"rendered":"https:\/\/rysunkidladzieci.com\/?page_id=652"},"modified":"2022-02-11T00:01:08","modified_gmt":"2022-02-10T23:01:08","slug":"inne-bajki","status":"publish","type":"page","link":"https:\/\/rysunkidladzieci.com\/index.php\/inne-bajki\/","title":{"rendered":"\u2026a co je\u015bli\u2026czyli odczarujmy bajki"},"content":{"rendered":"\n<p>Seria &#8222;Inne bajki&#8221; to pomys\u0142, by pokaza\u0107 dobrze wszystkim znane bajki z zupe\u0142nie innej perspektywy. <\/p>\n\n\n\n<p>Spos\u00f3b, by z humorem rozprawi\u0107 si\u0119 ze stereotypami i sk\u0142oni\u0107 do refleksji<\/p>\n\n\n\n<div class=\"wp-block-media-text alignwide is-stacked-on-mobile\"><figure class=\"wp-block-media-text__media\"><img width=\"768\" height=\"779\" src=\"https:\/\/rysunkidladzieci.com\/wp-content\/uploads\/2021\/03\/czerwony_kapturek.jpg\" alt=\"Rysunek przedstawia Czerwonego Kapturka na tle lasu. Dziewczynka trzyma na smyczy wilka, kt\u00f3ry w pysku niesie koszyk z jedzeniem. Czerwony kapturek zabawa bajkami alternatywne bajki czas dziewczyn ilustracja dla dzieci Red Riding Hood\" class=\"wp-image-138 size-full\" srcset=\"https:\/\/rysunkidladzieci.com\/wp-content\/uploads\/2021\/03\/czerwony_kapturek.jpg 768w, https:\/\/rysunkidladzieci.com\/wp-content\/uploads\/2021\/03\/czerwony_kapturek-296x300.jpg 296w, https:\/\/rysunkidladzieci.com\/wp-content\/uploads\/2021\/03\/czerwony_kapturek-345x350.jpg 345w, https:\/\/rysunkidladzieci.com\/wp-content\/uploads\/2021\/03\/czerwony_kapturek-148x150.jpg 148w\" sizes=\"(max-width: 768px) 100vw, 768px\" \/><\/figure><div class=\"wp-block-media-text__content\">\n<p>\u2026a co je\u015bli Czerwony Kapturek mia\u0142 wielk\u0105 si\u0142\u0119 przekonywania?<\/p>\n<\/div><\/div>\n\n\n\n<div class=\"wp-block-media-text alignwide has-media-on-the-right is-stacked-on-mobile\"><figure class=\"wp-block-media-text__media\"><img width=\"776\" height=\"768\" src=\"https:\/\/rysunkidladzieci.com\/wp-content\/uploads\/2021\/03\/ksiezniczka_na_ziarnku_grochu.jpg\" alt=\"Rysunek przedstawia ksi\u0119\u017cniczk\u0119 w koszuli nocnej. Kl\u0119czy przed doniczk\u0105, w kt\u00f3rej zakopuje ziarenko grochu. Po lewej sterta materac\u00f3w, ko\u0142der i poduszek. Ksi\u0119\u017cniczka na ziarnku grochu zabawa bajkami alternatywne bajki czas dziewczyn ilustracja dla dzieci\" class=\"wp-image-158 size-full\" srcset=\"https:\/\/rysunkidladzieci.com\/wp-content\/uploads\/2021\/03\/ksiezniczka_na_ziarnku_grochu.jpg 776w, https:\/\/rysunkidladzieci.com\/wp-content\/uploads\/2021\/03\/ksiezniczka_na_ziarnku_grochu-300x297.jpg 300w, https:\/\/rysunkidladzieci.com\/wp-content\/uploads\/2021\/03\/ksiezniczka_na_ziarnku_grochu-768x760.jpg 768w, https:\/\/rysunkidladzieci.com\/wp-content\/uploads\/2021\/03\/ksiezniczka_na_ziarnku_grochu-354x350.jpg 354w, https:\/\/rysunkidladzieci.com\/wp-content\/uploads\/2021\/03\/ksiezniczka_na_ziarnku_grochu-150x148.jpg 150w\" sizes=\"(max-width: 776px) 100vw, 776px\" \/><\/figure><div class=\"wp-block-media-text__content\">\n<p>\u2026a co je\u015bli Ksi\u0119\u017cniczka na ziarnku grochu sama znalaz\u0142a groszek, bo nie mog\u0142a spa\u0107 i sprawdzi\u0142a, co j\u0105 uwiera?<\/p>\n<\/div><\/div>\n\n\n\n<div class=\"wp-block-media-text alignwide is-stacked-on-mobile\"><figure class=\"wp-block-media-text__media\"><img width=\"1024\" height=\"1024\" src=\"https:\/\/rysunkidladzieci.com\/wp-content\/uploads\/2021\/04\/IMG_20210330_193548_924-1024x1024.jpg\" alt=\"Rysunek przedstawia Dziewczynk\u0119 z zapa\u0142kami. Dziewczynka siedzi przy ognisku i si\u0119 grzeje. Obok le\u017c\u0105 wykorzystane zapa\u0142ki. Dziewczynka z zapa\u0142kami ognisko bajka czas dziewczyn ilustracja dla dzieci zabawa bajkami\" class=\"wp-image-364 size-full\" srcset=\"https:\/\/rysunkidladzieci.com\/wp-content\/uploads\/2021\/04\/IMG_20210330_193548_924-1024x1024.jpg 1024w, https:\/\/rysunkidladzieci.com\/wp-content\/uploads\/2021\/04\/IMG_20210330_193548_924-300x300.jpg 300w, https:\/\/rysunkidladzieci.com\/wp-content\/uploads\/2021\/04\/IMG_20210330_193548_924-150x150.jpg 150w, https:\/\/rysunkidladzieci.com\/wp-content\/uploads\/2021\/04\/IMG_20210330_193548_924-768x768.jpg 768w, https:\/\/rysunkidladzieci.com\/wp-content\/uploads\/2021\/04\/IMG_20210330_193548_924-350x350.jpg 350w, https:\/\/rysunkidladzieci.com\/wp-content\/uploads\/2021\/04\/IMG_20210330_193548_924.jpg 1080w\" sizes=\"(max-width: 1024px) 100vw, 1024px\" \/><\/figure><div class=\"wp-block-media-text__content\">\n<p>\u2026a co je\u015bli Dziewczynka z zapa\u0142kami umia\u0142a rozpala\u0107 ognisko?<\/p>\n<\/div><\/div>\n","protected":false},"excerpt":{"rendered":"<p>Seria &#8222;Inne bajki&#8221; to pomys\u0142, by pokaza\u0107 dobrze wszystkim znane bajki z zupe\u0142nie innej perspektywy. Spos\u00f3b, by z humorem rozprawi\u0107 si\u0119 ze stereotypami i sk\u0142oni\u0107 do refleksji \u2026a co je\u015bli Czerwony Kapturek mia\u0142 wielk\u0105 si\u0142\u0119 przekonywania? \u2026a co je\u015bli Ksi\u0119\u017cniczka na ziarnku grochu sama znalaz\u0142a groszek, bo nie mog\u0142a spa\u0107&#8230; <a class=\"continue-reading-link\" href=\"https:\/\/rysunkidladzieci.com\/index.php\/inne-bajki\/\">czytaj wi\u0119cej<\/a><\/p>\n","protected":false},"author":1,"featured_media":0,"parent":0,"menu_order":0,"comment_status":"closed","ping_status":"closed","template":"","meta":[],"yoast_head":"<!-- This site is optimized with the Yoast SEO plugin v18.3 - https:\/\/yoast.com\/wordpress\/plugins\/seo\/ -->\n<title>\u2026a co je\u015bli\u2026czyli odczarujmy bajki - pati machnio<\/title>\n<meta name=\"description\" content=\"Seria &quot;Inne bajki&quot; to pomys\u0142, by pokaza\u0107 dobrze wszystkim znane bajki z zupe\u0142nie innej perspektywy. Humor i refleksja w walce ze stereotypami\" \/>\n<meta name=\"robots\" content=\"index, follow, max-snippet:-1, max-image-preview:large, max-video-preview:-1\" \/>\n<link rel=\"canonical\" href=\"https:\/\/rysunkidladzieci.com\/index.php\/inne-bajki\/\" \/>\n<meta property=\"og:locale\" content=\"pl_PL\" \/>\n<meta property=\"og:type\" content=\"article\" \/>\n<meta property=\"og:title\" content=\"\u2026a co je\u015bli\u2026czyli odczarujmy bajki - pati machnio\" \/>\n<meta property=\"og:description\" content=\"Seria &quot;Inne bajki&quot; to pomys\u0142, by pokaza\u0107 dobrze wszystkim znane bajki z zupe\u0142nie innej perspektywy. Humor i refleksja w walce ze stereotypami\" \/>\n<meta property=\"og:url\" content=\"https:\/\/rysunkidladzieci.com\/index.php\/inne-bajki\/\" \/>\n<meta property=\"og:site_name\" content=\"pati machnio\" \/>\n<meta property=\"article:modified_time\" content=\"2022-02-10T23:01:08+00:00\" \/>\n<meta property=\"og:image\" content=\"https:\/\/rysunkidladzieci.com\/wp-content\/uploads\/2021\/03\/czerwony_kapturek.jpg\" \/>\n<meta name=\"twitter:card\" content=\"summary_large_image\" \/>\n<meta name=\"twitter:label1\" content=\"Szacowany czas czytania\" \/>\n\t<meta name=\"twitter:data1\" content=\"1 minuta\" \/>\n<script type=\"application\/ld+json\" class=\"yoast-schema-graph\">{\"@context\":\"https:\/\/schema.org\",\"@graph\":[{\"@type\":\"WebSite\",\"@id\":\"https:\/\/rysunkidladzieci.com\/#website\",\"url\":\"https:\/\/rysunkidladzieci.com\/\",\"name\":\"pati machnio\",\"description\":\"RYSUNKI I ILUSTRACJE DLA DZIECI\",\"potentialAction\":[{\"@type\":\"SearchAction\",\"target\":{\"@type\":\"EntryPoint\",\"urlTemplate\":\"https:\/\/rysunkidladzieci.com\/?s={search_term_string}\"},\"query-input\":\"required name=search_term_string\"}],\"inLanguage\":\"pl-PL\"},{\"@type\":\"ImageObject\",\"@id\":\"https:\/\/rysunkidladzieci.com\/index.php\/inne-bajki\/#primaryimage\",\"inLanguage\":\"pl-PL\",\"url\":\"https:\/\/rysunkidladzieci.com\/wp-content\/uploads\/2021\/03\/czerwony_kapturek.jpg\",\"contentUrl\":\"https:\/\/rysunkidladzieci.com\/wp-content\/uploads\/2021\/03\/czerwony_kapturek.jpg\",\"width\":768,\"height\":779,\"caption\":\"...a co je\u015bli Czerwony kapturek mia\u0142 wielk\u0105 si\u0142\u0119 przekonywania?\"},{\"@type\":\"WebPage\",\"@id\":\"https:\/\/rysunkidladzieci.com\/index.php\/inne-bajki\/#webpage\",\"url\":\"https:\/\/rysunkidladzieci.com\/index.php\/inne-bajki\/\",\"name\":\"\u2026a co je\u015bli\u2026czyli odczarujmy bajki - pati machnio\",\"isPartOf\":{\"@id\":\"https:\/\/rysunkidladzieci.com\/#website\"},\"primaryImageOfPage\":{\"@id\":\"https:\/\/rysunkidladzieci.com\/index.php\/inne-bajki\/#primaryimage\"},\"datePublished\":\"2022-01-28T22:54:58+00:00\",\"dateModified\":\"2022-02-10T23:01:08+00:00\",\"description\":\"Seria \\\"Inne bajki\\\" to pomys\u0142, by pokaza\u0107 dobrze wszystkim znane bajki z zupe\u0142nie innej perspektywy. Humor i refleksja w walce ze stereotypami\",\"breadcrumb\":{\"@id\":\"https:\/\/rysunkidladzieci.com\/index.php\/inne-bajki\/#breadcrumb\"},\"inLanguage\":\"pl-PL\",\"potentialAction\":[{\"@type\":\"ReadAction\",\"target\":[\"https:\/\/rysunkidladzieci.com\/index.php\/inne-bajki\/\"]}]},{\"@type\":\"BreadcrumbList\",\"@id\":\"https:\/\/rysunkidladzieci.com\/index.php\/inne-bajki\/#breadcrumb\",\"itemListElement\":[{\"@type\":\"ListItem\",\"position\":1,\"name\":\"Strona g\u0142\u00f3wna\",\"item\":\"https:\/\/rysunkidladzieci.com\/\"},{\"@type\":\"ListItem\",\"position\":2,\"name\":\"\u2026a co je\u015bli\u2026czyli odczarujmy bajki\"}]}]}<\/script>\n<!-- \/ Yoast SEO plugin. -->","yoast_head_json":{"title":"\u2026a co je\u015bli\u2026czyli odczarujmy bajki - pati machnio","description":"Seria \"Inne bajki\" to pomys\u0142, by pokaza\u0107 dobrze wszystkim znane bajki z zupe\u0142nie innej perspektywy. Humor i refleksja w walce ze stereotypami","robots":{"index":"index","follow":"follow","max-snippet":"max-snippet:-1","max-image-preview":"max-image-preview:large","max-video-preview":"max-video-preview:-1"},"canonical":"https:\/\/rysunkidladzieci.com\/index.php\/inne-bajki\/","og_locale":"pl_PL","og_type":"article","og_title":"\u2026a co je\u015bli\u2026czyli odczarujmy bajki - pati machnio","og_description":"Seria \"Inne bajki\" to pomys\u0142, by pokaza\u0107 dobrze wszystkim znane bajki z zupe\u0142nie innej perspektywy. Humor i refleksja w walce ze stereotypami","og_url":"https:\/\/rysunkidladzieci.com\/index.php\/inne-bajki\/","og_site_name":"pati machnio","article_modified_time":"2022-02-10T23:01:08+00:00","og_image":[{"url":"https:\/\/rysunkidladzieci.com\/wp-content\/uploads\/2021\/03\/czerwony_kapturek.jpg"}],"twitter_card":"summary_large_image","twitter_misc":{"Szacowany czas czytania":"1 minuta"},"schema":{"@context":"https:\/\/schema.org","@graph":[{"@type":"WebSite","@id":"https:\/\/rysunkidladzieci.com\/#website","url":"https:\/\/rysunkidladzieci.com\/","name":"pati machnio","description":"RYSUNKI I ILUSTRACJE DLA DZIECI","potentialAction":[{"@type":"SearchAction","target":{"@type":"EntryPoint","urlTemplate":"https:\/\/rysunkidladzieci.com\/?s={search_term_string}"},"query-input":"required name=search_term_string"}],"inLanguage":"pl-PL"},{"@type":"ImageObject","@id":"https:\/\/rysunkidladzieci.com\/index.php\/inne-bajki\/#primaryimage","inLanguage":"pl-PL","url":"https:\/\/rysunkidladzieci.com\/wp-content\/uploads\/2021\/03\/czerwony_kapturek.jpg","contentUrl":"https:\/\/rysunkidladzieci.com\/wp-content\/uploads\/2021\/03\/czerwony_kapturek.jpg","width":768,"height":779,"caption":"...a co je\u015bli Czerwony kapturek mia\u0142 wielk\u0105 si\u0142\u0119 przekonywania?"},{"@type":"WebPage","@id":"https:\/\/rysunkidladzieci.com\/index.php\/inne-bajki\/#webpage","url":"https:\/\/rysunkidladzieci.com\/index.php\/inne-bajki\/","name":"\u2026a co je\u015bli\u2026czyli odczarujmy bajki - pati machnio","isPartOf":{"@id":"https:\/\/rysunkidladzieci.com\/#website"},"primaryImageOfPage":{"@id":"https:\/\/rysunkidladzieci.com\/index.php\/inne-bajki\/#primaryimage"},"datePublished":"2022-01-28T22:54:58+00:00","dateModified":"2022-02-10T23:01:08+00:00","description":"Seria \"Inne bajki\" to pomys\u0142, by pokaza\u0107 dobrze wszystkim znane bajki z zupe\u0142nie innej perspektywy. Humor i refleksja w walce ze stereotypami","breadcrumb":{"@id":"https:\/\/rysunkidladzieci.com\/index.php\/inne-bajki\/#breadcrumb"},"inLanguage":"pl-PL","potentialAction":[{"@type":"ReadAction","target":["https:\/\/rysunkidladzieci.com\/index.php\/inne-bajki\/"]}]},{"@type":"BreadcrumbList","@id":"https:\/\/rysunkidladzieci.com\/index.php\/inne-bajki\/#breadcrumb","itemListElement":[{"@type":"ListItem","position":1,"name":"Strona g\u0142\u00f3wna","item":"https:\/\/rysunkidladzieci.com\/"},{"@type":"ListItem","position":2,"name":"\u2026a co je\u015bli\u2026czyli odczarujmy bajki"}]}]}},"_links":{"self":[{"href":"https:\/\/rysunkidladzieci.com\/index.php\/wp-json\/wp\/v2\/pages\/652"}],"collection":[{"href":"https:\/\/rysunkidladzieci.com\/index.php\/wp-json\/wp\/v2\/pages"}],"about":[{"href":"https:\/\/rysunkidladzieci.com\/index.php\/wp-json\/wp\/v2\/types\/page"}],"author":[{"embeddable":true,"href":"https:\/\/rysunkidladzieci.com\/index.php\/wp-json\/wp\/v2\/users\/1"}],"replies":[{"embeddable":true,"href":"https:\/\/rysunkidladzieci.com\/index.php\/wp-json\/wp\/v2\/comments?post=652"}],"version-history":[{"count":1,"href":"https:\/\/rysunkidladzieci.com\/index.php\/wp-json\/wp\/v2\/pages\/652\/revisions"}],"predecessor-version":[{"id":692,"href":"https:\/\/rysunkidladzieci.com\/index.php\/wp-json\/wp\/v2\/pages\/652\/revisions\/692"}],"wp:attachment":[{"href":"https:\/\/rysunkidladzieci.com\/index.php\/wp-json\/wp\/v2\/media?parent=652"}],"curies":[{"name":"wp","href":"https:\/\/api.w.org\/{rel}","templated":true}]}}